{"id":17,"date":"2021-10-14T11:28:17","date_gmt":"2021-10-14T11:28:17","guid":{"rendered":"https:\/\/www.teknologiakartta.fi\/?page_id=17"},"modified":"2022-01-13T08:25:24","modified_gmt":"2022-01-13T06:25:24","slug":"haku","status":"publish","type":"page","link":"https:\/\/teknologiakartta.fi\/wordpress\/haku\/","title":{"rendered":"Haku"},"content":{"rendered":"<div class=\"container\">\n<h1 class=\"has-text-align-center wp-block-heading\">Haku<\/h1>\n<\/div>\n\n<div class=\"container\">\n<p class=\"has-text-align-center mb-5\"> Haun voi suorittaa sanahaulla, toimialahaulla tai paikkakuntahaulla.<br>Hakuja voi k\u00e4ytt\u00e4\u00e4 my\u00f6s yhdess\u00e4 tulosten rajaamiseksi. <\/p>\n<\/div>\n\n<div class=\"container-fluid\">\n<div class=\"wp-block-group bg-grey is-layout-flow wp-block-group-is-layout-flow\"><div class=\"container-narrow\"><div id=\"main-search-holder\" class=\"searchform align\">\r\n  <form role=\"search\" method=\"get\" class=\"search-form\" id=\"main-search\" action=\"\/haku\">\r\n  <label class=\"input-holder\">\r\n    <span class=\"screen-reader-text\">Hae esim. teko\u00e4ly<\/span>\r\n    <input type=\"search\" id=\"search-input\" name=\"key\" class=\"form-control\" value=\"\" placeholder=\"Hae esim. teko\u00e4ly\">\r\n    <button type=\"submit\" id=\"search-submit\" class=\"btn btn-primary\" aria-label=\"Suorita haku\">\r\n      <img decoding=\"async\" src=\"https:\/\/teknologiakartta.fi\/wordpress\/wp-content\/themes\/lab-amk-theme\/dist\/images\/icon-search-thin_62b0b98b.svg\" alt=\"Submit\" class=\"svg\" \/>\r\n    <\/button>\r\n\r\n    <span class=\"um-tip um-tip-w search-tip\" original-title=\"K\u00e4yt\u00e4 hakusanoja perusmuodossa, ei taivutettuna. Voit my\u00f6s katkaista hakusanan, jolloin alusta l\u00f6yt\u00e4\u00e4 kaikki katkaistua sanaa sis\u00e4lt\u00e4v\u00e4t tulokset taivutusmuodosta riippumatta (esim. automaa - automaatio).\"><i class=\"um-icon-help-circled\"><\/i><\/span>\r\n  <\/label>\r\n\r\n  <label class=\"select-holder\">\r\n    <span class=\"screen-reader-text\">Toimiala<\/span>\r\n    <select  name='sindustry' id='sindustry' class='search-industries form-control'>\n\t<option value='0' selected='selected'>Toimiala<\/option>\n\t<option class=\"level-0\" value=\"4\">Maatalous, mets\u00e4talous ja kalatalous<\/option>\n\t<option class=\"level-0\" value=\"5\">Kaivostoiminta ja louhinta<\/option>\n\t<option class=\"level-0\" value=\"6\">Teollisuus<\/option>\n\t<option class=\"level-0\" value=\"7\">S\u00e4hk\u00f6-, kaasu- ja l\u00e4mp\u00f6huolto, j\u00e4\u00e4hdytysliiketoiminta<\/option>\n\t<option class=\"level-0\" value=\"8\">Vesihuolto, viem\u00e4ri- ja j\u00e4tevesihuolto, j\u00e4tehuolto ja muu ymp\u00e4rist\u00f6n puhtaanapito<\/option>\n\t<option class=\"level-0\" value=\"9\">Rakentaminen<\/option>\n\t<option class=\"level-0\" value=\"10\">Tukku- ja v\u00e4hitt\u00e4iskauppa; moottoriajoneuvojen ja moottoripy\u00f6rien korjaus<\/option>\n\t<option class=\"level-0\" value=\"11\">Kuljetus ja varastointi<\/option>\n\t<option class=\"level-0\" value=\"12\">Majoitus- ja ravitsemistoiminta<\/option>\n\t<option class=\"level-0\" value=\"13\">Informaatio ja viestint\u00e4<\/option>\n\t<option class=\"level-0\" value=\"14\">Rahoitus- ja vakuutustoiminta<\/option>\n\t<option class=\"level-0\" value=\"15\">Kiinteist\u00f6alan toiminta<\/option>\n\t<option class=\"level-0\" value=\"16\">Ammatillinen, tieteellinen ja tekninen toiminta<\/option>\n\t<option class=\"level-0\" value=\"17\">Hallinto- ja tukipalvelutoiminta<\/option>\n\t<option class=\"level-0\" value=\"18\">Julkinen hallinto ja maanpuolustus; pakollinen sosiaalivakuutus<\/option>\n\t<option class=\"level-0\" value=\"19\">Koulutus<\/option>\n\t<option class=\"level-0\" value=\"20\">Terveys- ja sosiaalipalvelut<\/option>\n\t<option class=\"level-0\" value=\"21\">Taiteet, viihde ja virkistys<\/option>\n\t<option class=\"level-0\" value=\"22\">Muu palvelutoiminta<\/option>\n\t<option class=\"level-0\" value=\"23\">Kotitalouksien toiminta ty\u00f6nantajina; kotitalouksien eriytt\u00e4m\u00e4t\u00f6n toiminta tavaroiden ja palvelujen tuottamiseksi omaan k\u00e4ytt\u00f6\u00f6n<\/option>\n\t<option class=\"level-0\" value=\"24\">Kansainv\u00e4listen organisaatioiden ja toimielinten toiminta<\/option>\n\t<option class=\"level-0\" value=\"25\">Toimiala tuntematon<\/option>\n<\/select>\n  <\/label>\r\n\r\n  <label class=\"select-holder\">\r\n    <span class=\"screen-reader-text\">Paikkakunta<\/span>\r\n    \r\n          <select name=\"scity\" id=\"company_city\" class=\"search-cities form-control\">\r\n        <option value=\"0\" selected=&quot;selected&quot;>Paikkakunta<\/option>\r\n\r\n                  <option value=\"Asikkala\">Asikkala<\/option>\r\n                  <option value=\"Heinola\">Heinola<\/option>\r\n                  <option value=\"Hollola\">Hollola<\/option>\r\n                  <option value=\"K\u00e4rk\u00f6l\u00e4\">K\u00e4rk\u00f6l\u00e4<\/option>\r\n                  <option value=\"Lahti\">Lahti<\/option>\r\n                  <option value=\"Orimattila\">Orimattila<\/option>\r\n                  <option value=\"Sysm\u00e4\">Sysm\u00e4<\/option>\r\n              <\/select>\r\n      <\/label>\r\n\r\n  <button type=\"submit\" id=\"search-submit-bottom\" aria-label=\"Suorita haku\" class=\"btn btn-primary btn-block\">Suorita haku<\/button>\r\n<\/form>\r\n<\/div>\r\n<\/div><\/div>\n<\/div>\n\n\n\n\n<h2 class=\"has-text-align-center mt-5 wp-block-heading\">Tai selaa kaikkia:<\/h2>\n\n\n<div class=\"container\"><div class=\"cards align\">\r\n                <div class=\"card-item\">\r\n                  <div class=\"icon\">\r\n            <img decoding=\"async\" class=\"svg\" class=\"card-item-icon\" src=\"https:\/\/teknologiakartta.fi\/wordpress\/wp-content\/uploads\/2021\/11\/tarjotaan_3.png\" alt=\"Tarjotaan\" \/>\r\n          <\/div>\r\n        \r\n        <h2>Tarjotaan<\/h2>\r\n\r\n                  <div class=\"text\">T\u00e4st\u00e4 l\u00f6yd\u00e4t ilmoituksia yrityksien tarjoamista resursseista, palveluista, osaamisesta, tuotteista jne.<\/div>\r\n        \r\n                  <a aria-label=\"Katso kaikki (Tarjotaan)\" href=\"https:\/\/www.teknologiakartta.fi\/tarjotaan\/\" class=\"btn btn-sm btn-block\">Katso kaikki<\/a>\r\n              <\/div>\r\n                <div class=\"card-item\">\r\n                  <div class=\"icon\">\r\n            <img decoding=\"async\" class=\"svg\" class=\"card-item-icon\" src=\"https:\/\/teknologiakartta.fi\/wordpress\/wp-content\/uploads\/2021\/11\/tarvitaan_2.png\" alt=\"Tarvitaan\" \/>\r\n          <\/div>\r\n        \r\n        <h2>Tarvitaan<\/h2>\r\n\r\n                  <div class=\"text\">T\u00e4st\u00e4 l\u00f6yd\u00e4t ilmoituksia yrityksien etsimist\u00e4 resursseista, palveluista, osaamisesta, tuotteista jne.<\/div>\r\n        \r\n                  <a aria-label=\"Katso kaikki (Tarvitaan)\" href=\"https:\/\/www.teknologiakartta.fi\/tarvitaan\/\" class=\"btn btn-sm btn-block\">Katso kaikki<\/a>\r\n              <\/div>\r\n                <div class=\"card-item\">\r\n                  <div class=\"icon\">\r\n            <img decoding=\"async\" class=\"svg\" class=\"card-item-icon\" src=\"https:\/\/teknologiakartta.fi\/wordpress\/wp-content\/uploads\/2021\/11\/yritykset_3.png\" alt=\"Yritykset\" \/>\r\n          <\/div>\r\n        \r\n        <h2>Yritykset<\/h2>\r\n\r\n                  <div class=\"text\">Tietoa Teknologiakartta alustalla olevista yrityksist\u00e4.<\/div>\r\n        \r\n                  <a aria-label=\"Katso kaikki (Yritykset)\" href=\"https:\/\/www.teknologiakartta.fi\/yritykset\/\" class=\"btn btn-sm btn-block\">Katso kaikki<\/a>\r\n              <\/div>\r\n      <\/div>\r\n<\/div>","protected":false},"excerpt":{"rendered":"<p>Haku Haun voi suorittaa sanahaulla, toimialahaulla tai paikkakuntahaulla.Hakuja voi k\u00e4ytt\u00e4\u00e4 my\u00f6s yhdess\u00e4 tulosten rajaamiseksi. Tai selaa kaikkia:<\/p>\n","protected":false},"author":1,"featured_media":0,"parent":0,"menu_order":0,"comment_status":"closed","ping_status":"closed","template":"views\/template-search.blade.php","meta":{"_acf_changed":false,"inline_featured_image":false,"footnotes":""},"class_list":["post-17","page","type-page","status-publish","hentry"],"acf":[],"yoast_head":"<!-- This site is optimized with the Yoast SEO plugin v27.4 - https:\/\/yoast.com\/product\/yoast-seo-wordpress\/ -->\n<title>Haku - Teknologiakartta<\/title>\n<meta name=\"robots\" content=\"index, follow, max-snippet:-1, max-image-preview:large, max-video-preview:-1\" \/>\n<link rel=\"canonical\" href=\"https:\/\/teknologiakartta.fi\/wordpress\/haku\/\" \/>\n<meta property=\"og:locale\" content=\"fi_FI\" \/>\n<meta property=\"og:type\" content=\"article\" \/>\n<meta property=\"og:title\" content=\"Haku - Teknologiakartta\" \/>\n<meta property=\"og:description\" content=\"Haku Haun voi suorittaa sanahaulla, toimialahaulla tai paikkakuntahaulla.Hakuja voi k\u00e4ytt\u00e4\u00e4 my\u00f6s yhdess\u00e4 tulosten rajaamiseksi. Tai selaa kaikkia:\" \/>\n<meta property=\"og:url\" content=\"https:\/\/teknologiakartta.fi\/wordpress\/haku\/\" \/>\n<meta property=\"og:site_name\" content=\"Teknologiakartta\" \/>\n<meta property=\"article:modified_time\" content=\"2022-01-13T06:25:24+00:00\" \/>\n<meta name=\"twitter:card\" content=\"summary_large_image\" \/>\n<script type=\"application\/ld+json\" class=\"yoast-schema-graph\">{\"@context\":\"https:\\\/\\\/schema.org\",\"@graph\":[{\"@type\":\"WebPage\",\"@id\":\"https:\\\/\\\/teknologiakartta.fi\\\/wordpress\\\/haku\\\/\",\"url\":\"https:\\\/\\\/teknologiakartta.fi\\\/wordpress\\\/haku\\\/\",\"name\":\"Haku - Teknologiakartta\",\"isPartOf\":{\"@id\":\"https:\\\/\\\/teknologiakartta.fi\\\/wordpress\\\/#website\"},\"datePublished\":\"2021-10-14T11:28:17+00:00\",\"dateModified\":\"2022-01-13T06:25:24+00:00\",\"breadcrumb\":{\"@id\":\"https:\\\/\\\/teknologiakartta.fi\\\/wordpress\\\/haku\\\/#breadcrumb\"},\"inLanguage\":\"fi\",\"potentialAction\":[{\"@type\":\"ReadAction\",\"target\":[\"https:\\\/\\\/teknologiakartta.fi\\\/wordpress\\\/haku\\\/\"]}]},{\"@type\":\"BreadcrumbList\",\"@id\":\"https:\\\/\\\/teknologiakartta.fi\\\/wordpress\\\/haku\\\/#breadcrumb\",\"itemListElement\":[{\"@type\":\"ListItem\",\"position\":1,\"name\":\"\",\"item\":\"https:\\\/\\\/teknologiakartta.fi\\\/wordpress\\\/\"},{\"@type\":\"ListItem\",\"position\":2,\"name\":\"Haku\"}]},{\"@type\":\"WebSite\",\"@id\":\"https:\\\/\\\/teknologiakartta.fi\\\/wordpress\\\/#website\",\"url\":\"https:\\\/\\\/teknologiakartta.fi\\\/wordpress\\\/\",\"name\":\"Teknologiakartta\",\"description\":\"Yritykset yhteisty&ouml;n tekemiseen\",\"potentialAction\":[{\"@type\":\"SearchAction\",\"target\":{\"@type\":\"EntryPoint\",\"urlTemplate\":\"https:\\\/\\\/teknologiakartta.fi\\\/wordpress\\\/?s={search_term_string}\"},\"query-input\":{\"@type\":\"PropertyValueSpecification\",\"valueRequired\":true,\"valueName\":\"search_term_string\"}}],\"inLanguage\":\"fi\"}]}<\/script>\n<!-- \/ Yoast SEO plugin. -->","yoast_head_json":{"title":"Haku - Teknologiakartta","robots":{"index":"index","follow":"follow","max-snippet":"max-snippet:-1","max-image-preview":"max-image-preview:large","max-video-preview":"max-video-preview:-1"},"canonical":"https:\/\/teknologiakartta.fi\/wordpress\/haku\/","og_locale":"fi_FI","og_type":"article","og_title":"Haku - Teknologiakartta","og_description":"Haku Haun voi suorittaa sanahaulla, toimialahaulla tai paikkakuntahaulla.Hakuja voi k\u00e4ytt\u00e4\u00e4 my\u00f6s yhdess\u00e4 tulosten rajaamiseksi. Tai selaa kaikkia:","og_url":"https:\/\/teknologiakartta.fi\/wordpress\/haku\/","og_site_name":"Teknologiakartta","article_modified_time":"2022-01-13T06:25:24+00:00","twitter_card":"summary_large_image","schema":{"@context":"https:\/\/schema.org","@graph":[{"@type":"WebPage","@id":"https:\/\/teknologiakartta.fi\/wordpress\/haku\/","url":"https:\/\/teknologiakartta.fi\/wordpress\/haku\/","name":"Haku - Teknologiakartta","isPartOf":{"@id":"https:\/\/teknologiakartta.fi\/wordpress\/#website"},"datePublished":"2021-10-14T11:28:17+00:00","dateModified":"2022-01-13T06:25:24+00:00","breadcrumb":{"@id":"https:\/\/teknologiakartta.fi\/wordpress\/haku\/#breadcrumb"},"inLanguage":"fi","potentialAction":[{"@type":"ReadAction","target":["https:\/\/teknologiakartta.fi\/wordpress\/haku\/"]}]},{"@type":"BreadcrumbList","@id":"https:\/\/teknologiakartta.fi\/wordpress\/haku\/#breadcrumb","itemListElement":[{"@type":"ListItem","position":1,"name":"","item":"https:\/\/teknologiakartta.fi\/wordpress\/"},{"@type":"ListItem","position":2,"name":"Haku"}]},{"@type":"WebSite","@id":"https:\/\/teknologiakartta.fi\/wordpress\/#website","url":"https:\/\/teknologiakartta.fi\/wordpress\/","name":"Teknologiakartta","description":"Yritykset yhteisty&ouml;n tekemiseen","potentialAction":[{"@type":"SearchAction","target":{"@type":"EntryPoint","urlTemplate":"https:\/\/teknologiakartta.fi\/wordpress\/?s={search_term_string}"},"query-input":{"@type":"PropertyValueSpecification","valueRequired":true,"valueName":"search_term_string"}}],"inLanguage":"fi"}]}},"_links":{"self":[{"href":"https:\/\/teknologiakartta.fi\/wordpress\/wp-json\/wp\/v2\/pages\/17","targetHints":{"allow":["GET"]}}],"collection":[{"href":"https:\/\/teknologiakartta.fi\/wordpress\/wp-json\/wp\/v2\/pages"}],"about":[{"href":"https:\/\/teknologiakartta.fi\/wordpress\/wp-json\/wp\/v2\/types\/page"}],"author":[{"embeddable":true,"href":"https:\/\/teknologiakartta.fi\/wordpress\/wp-json\/wp\/v2\/users\/1"}],"replies":[{"embeddable":true,"href":"https:\/\/teknologiakartta.fi\/wordpress\/wp-json\/wp\/v2\/comments?post=17"}],"version-history":[{"count":13,"href":"https:\/\/teknologiakartta.fi\/wordpress\/wp-json\/wp\/v2\/pages\/17\/revisions"}],"predecessor-version":[{"id":283,"href":"https:\/\/teknologiakartta.fi\/wordpress\/wp-json\/wp\/v2\/pages\/17\/revisions\/283"}],"wp:attachment":[{"href":"https:\/\/teknologiakartta.fi\/wordpress\/wp-json\/wp\/v2\/media?parent=17"}],"curies":[{"name":"wp","href":"https:\/\/api.w.org\/{rel}","templated":true}]}}