{"id":19,"date":"2021-10-14T11:28:30","date_gmt":"2021-10-14T11:28:30","guid":{"rendered":"https:\/\/www.teknologiakartta.fi\/?page_id=19"},"modified":"2021-12-08T15:43:31","modified_gmt":"2021-12-08T13:43:31","slug":"ohjeet","status":"publish","type":"page","link":"https:\/\/teknologiakartta.fi\/wordpress\/ohjeet\/","title":{"rendered":"Ohjeet"},"content":{"rendered":"<div class=\"page-lead align\">\r\n  <div class=\"container-narrow\">\r\n    <h1 style=\"text-align: center;\">Ohjeet<\/h1>\n\r\n  <\/div>\r\n<\/div>\r\n\n\n\n<p>Teknologiakartta on tarkoitettu yritysten v\u00e4lisen yhteisty\u00f6n edist\u00e4miseen. Alusta ei ole\u00a0tarkoitettu\u00a0yritysten\u00a0ja kuluttajien v\u00e4liseen toimintaan,\u00a0eik\u00e4\u00a0rekrytointeihin, muutoin ilmoitusten sis\u00e4lt\u00f6 on vapaa.\u00a0Alustan yll\u00e4pit\u00e4j\u00e4ll\u00e4 on oikeus poistaa alustan tarkoitukseen sopimattomat ilmoitukset ja k\u00e4ytt\u00e4j\u00e4t.<\/p>\n\n\n\n<h2 class=\"wp-block-heading\">Haku<\/h2>\n\n\n\n<p>Haun voi suorittaa sanahaulla, toimialahaulla tai paikkakuntahaulla. Hakuja voi k\u00e4ytt\u00e4\u00e4 my\u00f6s yhdess\u00e4 tulosten rajaamiseksi.<br>\u00a0\u00a0<br>K\u00e4yt\u00e4\u00a0hakusanoja perusmuodossa. Voit my\u00f6s\u00a0katkaista hakusanan, jolloin alusta l\u00f6yt\u00e4\u00e4 kaikki katkaistua sanaa sis\u00e4lt\u00e4v\u00e4t tulokset taivutusmuodosta riippumatta\u00a0(esim. automaa\u00a0&#8211; automaatio).<\/p>\n\n\n\n<h2 class=\"wp-block-heading\">Tarjotaan<\/h2>\n\n\n\n<p>T\u00e4ss\u00e4 voit luoda ilmoituksen esimerkiksi yrityksesi tarjoamasta resurssista, palvelusta, osaamisesta tai tuotteesta. Ilmoitukseen lis\u00e4tt\u00e4v\u00e4t avainsanat auttavat muita l\u00f6yt\u00e4m\u00e4\u00e4n ilmoituksesi helpommin. <br>Voit keksi\u00e4 avainsanoja itse. Jos haluat selata muiden k\u00e4ytt\u00e4mi\u00e4 avainsanoja, ne l\u00f6ytyv\u00e4t Avainsanat &amp; toimialat valikosta. Avainsanojen tulisi olla perusmuodossa. Lis\u00e4\u00e4 mieluummin useampi avainsana, kuin taivutat yht\u00e4 sanaa,\u00a0avainsanojen j\u00e4rjestyksell\u00e4 ei ole merkityst\u00e4. Mieti mill\u00e4 sanoilla itse etsisit kyseist\u00e4 palvelua\/tuotetta.<\/p>\n\n\n\n<h2 class=\"wp-block-heading\">Tarvitaan<\/h2>\n\n\n\n<p>T\u00e4ss\u00e4 voit luoda ilmoituksen esimerkiksi yrityksesi etsim\u00e4st\u00e4 resurssista, palvelusta, osaamisesta tai tuotteesta. Ilmoitukseen lis\u00e4tt\u00e4v\u00e4t avainsanat auttavat muita l\u00f6yt\u00e4m\u00e4\u00e4n ilmoituksesi helpommin.\u00a0Voit keksi\u00e4 avainsanoja itse. Jos haluat selata muiden k\u00e4ytt\u00e4mi\u00e4 avainsanoja, ne l\u00f6ytyv\u00e4t Avainsanat &amp; toimialat valikosta.\u00a0Avainsanojen tulisi olla perusmuodossa. Lis\u00e4\u00e4 mieluummin useampi avainsana, kuin taivutat yht\u00e4 sanaa,\u00a0avainsanojen j\u00e4rjestyksell\u00e4 ei ole\u00a0merkityst\u00e4.\u00a0Mieti mill\u00e4 sanoilla itse etsisit kyseist\u00e4 palvelua\/tuotetta.<\/p>\n","protected":false},"excerpt":{"rendered":"<p>Teknologiakartta on tarkoitettu yritysten v\u00e4lisen yhteisty\u00f6n edist\u00e4miseen. Alusta ei ole\u00a0tarkoitettu\u00a0yritysten\u00a0ja kuluttajien v\u00e4liseen toimintaan,\u00a0eik\u00e4\u00a0rekrytointeihin, muutoin ilmoitusten sis\u00e4lt\u00f6 on vapaa.\u00a0Alustan yll\u00e4pit\u00e4j\u00e4ll\u00e4 on oikeus poistaa alustan tarkoitukseen sopimattomat ilmoitukset ja k\u00e4ytt\u00e4j\u00e4t. Haku Haun voi suorittaa sanahaulla, toimialahaulla tai paikkakuntahaulla. Hakuja voi k\u00e4ytt\u00e4\u00e4 my\u00f6s yhdess\u00e4 tulosten rajaamiseksi.\u00a0\u00a0K\u00e4yt\u00e4\u00a0hakusanoja perusmuodossa. Voit my\u00f6s\u00a0katkaista hakusanan, jolloin alusta l\u00f6yt\u00e4\u00e4 kaikki katkaistua sanaa sis\u00e4lt\u00e4v\u00e4t tulokset &hellip; <a href=\"https:\/\/teknologiakartta.fi\/wordpress\/ohjeet\/\">Jatka lukemista<\/a><\/p>\n","protected":false},"author":1,"featured_media":0,"parent":0,"menu_order":0,"comment_status":"closed","ping_status":"closed","template":"views\/template-contained.blade.php","meta":{"_acf_changed":false,"inline_featured_image":false,"footnotes":""},"class_list":["post-19","page","type-page","status-publish","hentry"],"acf":[],"yoast_head":"<!-- This site is optimized with the Yoast SEO plugin v27.4 - https:\/\/yoast.com\/product\/yoast-seo-wordpress\/ -->\n<title>Ohjeet - Teknologiakartta<\/title>\n<meta name=\"robots\" content=\"index, follow, max-snippet:-1, max-image-preview:large, max-video-preview:-1\" \/>\n<link rel=\"canonical\" href=\"https:\/\/teknologiakartta.fi\/wordpress\/ohjeet\/\" \/>\n<meta property=\"og:locale\" content=\"fi_FI\" \/>\n<meta property=\"og:type\" content=\"article\" \/>\n<meta property=\"og:title\" content=\"Ohjeet - Teknologiakartta\" \/>\n<meta property=\"og:description\" content=\"Teknologiakartta on tarkoitettu yritysten v\u00e4lisen yhteisty\u00f6n edist\u00e4miseen. Alusta ei ole\u00a0tarkoitettu\u00a0yritysten\u00a0ja kuluttajien v\u00e4liseen toimintaan,\u00a0eik\u00e4\u00a0rekrytointeihin, muutoin ilmoitusten sis\u00e4lt\u00f6 on vapaa.\u00a0Alustan yll\u00e4pit\u00e4j\u00e4ll\u00e4 on oikeus poistaa alustan tarkoitukseen sopimattomat ilmoitukset ja k\u00e4ytt\u00e4j\u00e4t. Haku Haun voi suorittaa sanahaulla, toimialahaulla tai paikkakuntahaulla. Hakuja voi k\u00e4ytt\u00e4\u00e4 my\u00f6s yhdess\u00e4 tulosten rajaamiseksi.\u00a0\u00a0K\u00e4yt\u00e4\u00a0hakusanoja perusmuodossa. Voit my\u00f6s\u00a0katkaista hakusanan, jolloin alusta l\u00f6yt\u00e4\u00e4 kaikki katkaistua sanaa sis\u00e4lt\u00e4v\u00e4t tulokset &hellip; Jatka lukemista\" \/>\n<meta property=\"og:url\" content=\"https:\/\/teknologiakartta.fi\/wordpress\/ohjeet\/\" \/>\n<meta property=\"og:site_name\" content=\"Teknologiakartta\" \/>\n<meta property=\"article:modified_time\" content=\"2021-12-08T13:43:31+00:00\" \/>\n<meta name=\"twitter:card\" content=\"summary_large_image\" \/>\n<script type=\"application\/ld+json\" class=\"yoast-schema-graph\">{\"@context\":\"https:\\\/\\\/schema.org\",\"@graph\":[{\"@type\":\"WebPage\",\"@id\":\"https:\\\/\\\/teknologiakartta.fi\\\/wordpress\\\/ohjeet\\\/\",\"url\":\"https:\\\/\\\/teknologiakartta.fi\\\/wordpress\\\/ohjeet\\\/\",\"name\":\"Ohjeet - Teknologiakartta\",\"isPartOf\":{\"@id\":\"https:\\\/\\\/teknologiakartta.fi\\\/wordpress\\\/#website\"},\"datePublished\":\"2021-10-14T11:28:30+00:00\",\"dateModified\":\"2021-12-08T13:43:31+00:00\",\"breadcrumb\":{\"@id\":\"https:\\\/\\\/teknologiakartta.fi\\\/wordpress\\\/ohjeet\\\/#breadcrumb\"},\"inLanguage\":\"fi\",\"potentialAction\":[{\"@type\":\"ReadAction\",\"target\":[\"https:\\\/\\\/teknologiakartta.fi\\\/wordpress\\\/ohjeet\\\/\"]}]},{\"@type\":\"BreadcrumbList\",\"@id\":\"https:\\\/\\\/teknologiakartta.fi\\\/wordpress\\\/ohjeet\\\/#breadcrumb\",\"itemListElement\":[{\"@type\":\"ListItem\",\"position\":1,\"name\":\"\",\"item\":\"https:\\\/\\\/teknologiakartta.fi\\\/wordpress\\\/\"},{\"@type\":\"ListItem\",\"position\":2,\"name\":\"Ohjeet\"}]},{\"@type\":\"WebSite\",\"@id\":\"https:\\\/\\\/teknologiakartta.fi\\\/wordpress\\\/#website\",\"url\":\"https:\\\/\\\/teknologiakartta.fi\\\/wordpress\\\/\",\"name\":\"Teknologiakartta\",\"description\":\"Yritykset yhteisty&ouml;n tekemiseen\",\"potentialAction\":[{\"@type\":\"SearchAction\",\"target\":{\"@type\":\"EntryPoint\",\"urlTemplate\":\"https:\\\/\\\/teknologiakartta.fi\\\/wordpress\\\/?s={search_term_string}\"},\"query-input\":{\"@type\":\"PropertyValueSpecification\",\"valueRequired\":true,\"valueName\":\"search_term_string\"}}],\"inLanguage\":\"fi\"}]}<\/script>\n<!-- \/ Yoast SEO plugin. -->","yoast_head_json":{"title":"Ohjeet - Teknologiakartta","robots":{"index":"index","follow":"follow","max-snippet":"max-snippet:-1","max-image-preview":"max-image-preview:large","max-video-preview":"max-video-preview:-1"},"canonical":"https:\/\/teknologiakartta.fi\/wordpress\/ohjeet\/","og_locale":"fi_FI","og_type":"article","og_title":"Ohjeet - Teknologiakartta","og_description":"Teknologiakartta on tarkoitettu yritysten v\u00e4lisen yhteisty\u00f6n edist\u00e4miseen. Alusta ei ole\u00a0tarkoitettu\u00a0yritysten\u00a0ja kuluttajien v\u00e4liseen toimintaan,\u00a0eik\u00e4\u00a0rekrytointeihin, muutoin ilmoitusten sis\u00e4lt\u00f6 on vapaa.\u00a0Alustan yll\u00e4pit\u00e4j\u00e4ll\u00e4 on oikeus poistaa alustan tarkoitukseen sopimattomat ilmoitukset ja k\u00e4ytt\u00e4j\u00e4t. Haku Haun voi suorittaa sanahaulla, toimialahaulla tai paikkakuntahaulla. Hakuja voi k\u00e4ytt\u00e4\u00e4 my\u00f6s yhdess\u00e4 tulosten rajaamiseksi.\u00a0\u00a0K\u00e4yt\u00e4\u00a0hakusanoja perusmuodossa. Voit my\u00f6s\u00a0katkaista hakusanan, jolloin alusta l\u00f6yt\u00e4\u00e4 kaikki katkaistua sanaa sis\u00e4lt\u00e4v\u00e4t tulokset &hellip; Jatka lukemista","og_url":"https:\/\/teknologiakartta.fi\/wordpress\/ohjeet\/","og_site_name":"Teknologiakartta","article_modified_time":"2021-12-08T13:43:31+00:00","twitter_card":"summary_large_image","schema":{"@context":"https:\/\/schema.org","@graph":[{"@type":"WebPage","@id":"https:\/\/teknologiakartta.fi\/wordpress\/ohjeet\/","url":"https:\/\/teknologiakartta.fi\/wordpress\/ohjeet\/","name":"Ohjeet - Teknologiakartta","isPartOf":{"@id":"https:\/\/teknologiakartta.fi\/wordpress\/#website"},"datePublished":"2021-10-14T11:28:30+00:00","dateModified":"2021-12-08T13:43:31+00:00","breadcrumb":{"@id":"https:\/\/teknologiakartta.fi\/wordpress\/ohjeet\/#breadcrumb"},"inLanguage":"fi","potentialAction":[{"@type":"ReadAction","target":["https:\/\/teknologiakartta.fi\/wordpress\/ohjeet\/"]}]},{"@type":"BreadcrumbList","@id":"https:\/\/teknologiakartta.fi\/wordpress\/ohjeet\/#breadcrumb","itemListElement":[{"@type":"ListItem","position":1,"name":"","item":"https:\/\/teknologiakartta.fi\/wordpress\/"},{"@type":"ListItem","position":2,"name":"Ohjeet"}]},{"@type":"WebSite","@id":"https:\/\/teknologiakartta.fi\/wordpress\/#website","url":"https:\/\/teknologiakartta.fi\/wordpress\/","name":"Teknologiakartta","description":"Yritykset yhteisty&ouml;n tekemiseen","potentialAction":[{"@type":"SearchAction","target":{"@type":"EntryPoint","urlTemplate":"https:\/\/teknologiakartta.fi\/wordpress\/?s={search_term_string}"},"query-input":{"@type":"PropertyValueSpecification","valueRequired":true,"valueName":"search_term_string"}}],"inLanguage":"fi"}]}},"_links":{"self":[{"href":"https:\/\/teknologiakartta.fi\/wordpress\/wp-json\/wp\/v2\/pages\/19","targetHints":{"allow":["GET"]}}],"collection":[{"href":"https:\/\/teknologiakartta.fi\/wordpress\/wp-json\/wp\/v2\/pages"}],"about":[{"href":"https:\/\/teknologiakartta.fi\/wordpress\/wp-json\/wp\/v2\/types\/page"}],"author":[{"embeddable":true,"href":"https:\/\/teknologiakartta.fi\/wordpress\/wp-json\/wp\/v2\/users\/1"}],"replies":[{"embeddable":true,"href":"https:\/\/teknologiakartta.fi\/wordpress\/wp-json\/wp\/v2\/comments?post=19"}],"version-history":[{"count":7,"href":"https:\/\/teknologiakartta.fi\/wordpress\/wp-json\/wp\/v2\/pages\/19\/revisions"}],"predecessor-version":[{"id":255,"href":"https:\/\/teknologiakartta.fi\/wordpress\/wp-json\/wp\/v2\/pages\/19\/revisions\/255"}],"wp:attachment":[{"href":"https:\/\/teknologiakartta.fi\/wordpress\/wp-json\/wp\/v2\/media?parent=19"}],"curies":[{"name":"wp","href":"https:\/\/api.w.org\/{rel}","templated":true}]}}