{"id":288,"date":"2022-01-13T09:34:06","date_gmt":"2022-01-13T07:34:06","guid":{"rendered":"https:\/\/www.teknologiakartta.fi\/?page_id=288"},"modified":"2022-01-13T09:36:16","modified_gmt":"2022-01-13T07:36:16","slug":"saavutettavuusseloste","status":"publish","type":"page","link":"https:\/\/teknologiakartta.fi\/wordpress\/saavutettavuusseloste\/","title":{"rendered":"Saavutettavuusseloste"},"content":{"rendered":"<div class=\"page-lead align\">\r\n  <div class=\"container-narrow\">\r\n    <h1 style=\"text-align: center;\">Saavutettavuusseloste<\/h1>\n<p style=\"text-align: center;\"><a href=\"https:\/\/www.teknologiakartta.fi\/\" data-rich-text-format-boundary=\"true\">www.teknologiakartta.fi<\/a><\/p>\n\r\n  <\/div>\r\n<\/div>\r\n\n\n\n<p>LAB ammattikorkeakoulu pyrkii takaamaan tuottamansa verkkopalvelun teknologiakartta.fi saavutettavuuden digitaalisten palvelujen tarjoamisesta annetun lain mukaisesti.<\/p>\n\n\n\n<p>T\u00e4m\u00e4 seloste perustuu testausohjelmistoilla suoritettuun tarkastukseen, sek\u00e4 testaajan manuaalisesti tekem\u00e4\u00e4n arvioon. Seloste on laadittu 12.1.2022.<\/p>\n\n\n\n<h2 class=\"wp-block-heading\">Saavutettavuuden tila<\/h2>\n\n\n\n<p>T\u00e4m\u00e4 verkkosivusto vastaa Web Content Accessibility Guidelines (WCAG) 2.1:ss\u00e4 esitettyjen vaatimusten tasoja A ja AA.<\/p>\n\n\n\n<h2 class=\"wp-block-heading\">Ei-saavutettava sis\u00e4lt\u00f6<\/h2>\n\n\n\n<p>Verkkosivustolla ei ole testauksen yhteydess\u00e4 havaittu kriittisi\u00e4 saavutettavuuspuutteita.<\/p>\n\n\n\n<h2 class=\"wp-block-heading\">Palaute ja yhteystiedot<\/h2>\n\n\n\n<p>Huomasitko saavutettavuuspuutteen verkkopalvelussamme? Kerro se meille. Palautetta voi antaa s\u00e4hk\u00f6postitse <a href=\"mailto:teknologiakartta@lab.fi\">teknologiakartta@lab.fi<\/a><\/p>\n\n\n\n<h2 class=\"wp-block-heading\">Valvontaviranomainen<\/h2>\n\n\n\n<p>Jos huomaat sivustolla saavutettavuusongelmia, anna ensin palautetta meille. Vastauksessa voi menn\u00e4 14 p\u00e4iv\u00e4\u00e4. Jos et ole tyytyv\u00e4inen saamaasi vastaukseen tai et saa vastausta lainkaan kahden viikon aikana, voit tehd\u00e4 ilmoituksen Etel\u00e4-Suomen aluehallintovirastoon. Etel\u00e4-Suomen aluehallintoviraston sivulla kerrotaan tarkasti, miten ilmoituksen voi tehd\u00e4 ja<br>miten asia k\u00e4sitell\u00e4\u00e4n.<\/p>\n\n\n\n<h3 class=\"wp-block-heading\">Valvontaviranomaisen yhteystiedot<\/h3>\n\n\n\n<p>Etel\u00e4-Suomen aluehallintovirasto<br>Saavutettavuuden valvonnan yksikk\u00f6<br><a href=\"https:\/\/www.saavutettavuusvaatimukset.fi\" target=\"_blank\" rel=\"noreferrer noopener\">www.saavutettavuusvaatimukset.fi<\/a><br><a href=\"mailto:saavutettavuus@avi.fi\">saavutettavuus@avi.fi<\/a><br>Puhelinnumero <a href=\"tel:0295016000\">0295 016 000<\/a> (vaihde)<\/p>\n","protected":false},"excerpt":{"rendered":"<p>LAB ammattikorkeakoulu pyrkii takaamaan tuottamansa verkkopalvelun teknologiakartta.fi saavutettavuuden digitaalisten palvelujen tarjoamisesta annetun lain mukaisesti. T\u00e4m\u00e4 seloste perustuu testausohjelmistoilla suoritettuun tarkastukseen, sek\u00e4 testaajan manuaalisesti tekem\u00e4\u00e4n arvioon. Seloste on laadittu 12.1.2022. Saavutettavuuden tila T\u00e4m\u00e4 verkkosivusto vastaa Web Content Accessibility Guidelines (WCAG) 2.1:ss\u00e4 esitettyjen vaatimusten tasoja A ja AA. Ei-saavutettava sis\u00e4lt\u00f6 Verkkosivustolla ei ole testauksen yhteydess\u00e4 havaittu kriittisi\u00e4 &hellip; <a href=\"https:\/\/teknologiakartta.fi\/wordpress\/saavutettavuusseloste\/\">Jatka lukemista<\/a><\/p>\n","protected":false},"author":1,"featured_media":0,"parent":0,"menu_order":0,"comment_status":"closed","ping_status":"closed","template":"views\/template-contained.blade.php","meta":{"_acf_changed":false,"inline_featured_image":false,"footnotes":""},"class_list":["post-288","page","type-page","status-publish","hentry"],"acf":[],"yoast_head":"<!-- This site is optimized with the Yoast SEO plugin v27.4 - https:\/\/yoast.com\/product\/yoast-seo-wordpress\/ -->\n<title>Saavutettavuusseloste - Teknologiakartta<\/title>\n<meta name=\"robots\" content=\"index, follow, max-snippet:-1, max-image-preview:large, max-video-preview:-1\" \/>\n<link rel=\"canonical\" href=\"https:\/\/teknologiakartta.fi\/wordpress\/saavutettavuusseloste\/\" \/>\n<meta property=\"og:locale\" content=\"fi_FI\" \/>\n<meta property=\"og:type\" content=\"article\" \/>\n<meta property=\"og:title\" content=\"Saavutettavuusseloste - Teknologiakartta\" \/>\n<meta property=\"og:description\" content=\"LAB ammattikorkeakoulu pyrkii takaamaan tuottamansa verkkopalvelun teknologiakartta.fi saavutettavuuden digitaalisten palvelujen tarjoamisesta annetun lain mukaisesti. T\u00e4m\u00e4 seloste perustuu testausohjelmistoilla suoritettuun tarkastukseen, sek\u00e4 testaajan manuaalisesti tekem\u00e4\u00e4n arvioon. Seloste on laadittu 12.1.2022. Saavutettavuuden tila T\u00e4m\u00e4 verkkosivusto vastaa Web Content Accessibility Guidelines (WCAG) 2.1:ss\u00e4 esitettyjen vaatimusten tasoja A ja AA. Ei-saavutettava sis\u00e4lt\u00f6 Verkkosivustolla ei ole testauksen yhteydess\u00e4 havaittu kriittisi\u00e4 &hellip; Jatka lukemista\" \/>\n<meta property=\"og:url\" content=\"https:\/\/teknologiakartta.fi\/wordpress\/saavutettavuusseloste\/\" \/>\n<meta property=\"og:site_name\" content=\"Teknologiakartta\" \/>\n<meta property=\"article:modified_time\" content=\"2022-01-13T07:36:16+00:00\" \/>\n<meta name=\"twitter:card\" content=\"summary_large_image\" \/>\n<script type=\"application\/ld+json\" class=\"yoast-schema-graph\">{\"@context\":\"https:\\\/\\\/schema.org\",\"@graph\":[{\"@type\":\"WebPage\",\"@id\":\"https:\\\/\\\/teknologiakartta.fi\\\/wordpress\\\/saavutettavuusseloste\\\/\",\"url\":\"https:\\\/\\\/teknologiakartta.fi\\\/wordpress\\\/saavutettavuusseloste\\\/\",\"name\":\"Saavutettavuusseloste - Teknologiakartta\",\"isPartOf\":{\"@id\":\"https:\\\/\\\/teknologiakartta.fi\\\/wordpress\\\/#website\"},\"datePublished\":\"2022-01-13T07:34:06+00:00\",\"dateModified\":\"2022-01-13T07:36:16+00:00\",\"breadcrumb\":{\"@id\":\"https:\\\/\\\/teknologiakartta.fi\\\/wordpress\\\/saavutettavuusseloste\\\/#breadcrumb\"},\"inLanguage\":\"fi\",\"potentialAction\":[{\"@type\":\"ReadAction\",\"target\":[\"https:\\\/\\\/teknologiakartta.fi\\\/wordpress\\\/saavutettavuusseloste\\\/\"]}]},{\"@type\":\"BreadcrumbList\",\"@id\":\"https:\\\/\\\/teknologiakartta.fi\\\/wordpress\\\/saavutettavuusseloste\\\/#breadcrumb\",\"itemListElement\":[{\"@type\":\"ListItem\",\"position\":1,\"name\":\"\",\"item\":\"https:\\\/\\\/teknologiakartta.fi\\\/wordpress\\\/\"},{\"@type\":\"ListItem\",\"position\":2,\"name\":\"Saavutettavuusseloste\"}]},{\"@type\":\"WebSite\",\"@id\":\"https:\\\/\\\/teknologiakartta.fi\\\/wordpress\\\/#website\",\"url\":\"https:\\\/\\\/teknologiakartta.fi\\\/wordpress\\\/\",\"name\":\"Teknologiakartta\",\"description\":\"Yritykset yhteisty&ouml;n tekemiseen\",\"potentialAction\":[{\"@type\":\"SearchAction\",\"target\":{\"@type\":\"EntryPoint\",\"urlTemplate\":\"https:\\\/\\\/teknologiakartta.fi\\\/wordpress\\\/?s={search_term_string}\"},\"query-input\":{\"@type\":\"PropertyValueSpecification\",\"valueRequired\":true,\"valueName\":\"search_term_string\"}}],\"inLanguage\":\"fi\"}]}<\/script>\n<!-- \/ Yoast SEO plugin. -->","yoast_head_json":{"title":"Saavutettavuusseloste - Teknologiakartta","robots":{"index":"index","follow":"follow","max-snippet":"max-snippet:-1","max-image-preview":"max-image-preview:large","max-video-preview":"max-video-preview:-1"},"canonical":"https:\/\/teknologiakartta.fi\/wordpress\/saavutettavuusseloste\/","og_locale":"fi_FI","og_type":"article","og_title":"Saavutettavuusseloste - Teknologiakartta","og_description":"LAB ammattikorkeakoulu pyrkii takaamaan tuottamansa verkkopalvelun teknologiakartta.fi saavutettavuuden digitaalisten palvelujen tarjoamisesta annetun lain mukaisesti. T\u00e4m\u00e4 seloste perustuu testausohjelmistoilla suoritettuun tarkastukseen, sek\u00e4 testaajan manuaalisesti tekem\u00e4\u00e4n arvioon. Seloste on laadittu 12.1.2022. Saavutettavuuden tila T\u00e4m\u00e4 verkkosivusto vastaa Web Content Accessibility Guidelines (WCAG) 2.1:ss\u00e4 esitettyjen vaatimusten tasoja A ja AA. Ei-saavutettava sis\u00e4lt\u00f6 Verkkosivustolla ei ole testauksen yhteydess\u00e4 havaittu kriittisi\u00e4 &hellip; Jatka lukemista","og_url":"https:\/\/teknologiakartta.fi\/wordpress\/saavutettavuusseloste\/","og_site_name":"Teknologiakartta","article_modified_time":"2022-01-13T07:36:16+00:00","twitter_card":"summary_large_image","schema":{"@context":"https:\/\/schema.org","@graph":[{"@type":"WebPage","@id":"https:\/\/teknologiakartta.fi\/wordpress\/saavutettavuusseloste\/","url":"https:\/\/teknologiakartta.fi\/wordpress\/saavutettavuusseloste\/","name":"Saavutettavuusseloste - Teknologiakartta","isPartOf":{"@id":"https:\/\/teknologiakartta.fi\/wordpress\/#website"},"datePublished":"2022-01-13T07:34:06+00:00","dateModified":"2022-01-13T07:36:16+00:00","breadcrumb":{"@id":"https:\/\/teknologiakartta.fi\/wordpress\/saavutettavuusseloste\/#breadcrumb"},"inLanguage":"fi","potentialAction":[{"@type":"ReadAction","target":["https:\/\/teknologiakartta.fi\/wordpress\/saavutettavuusseloste\/"]}]},{"@type":"BreadcrumbList","@id":"https:\/\/teknologiakartta.fi\/wordpress\/saavutettavuusseloste\/#breadcrumb","itemListElement":[{"@type":"ListItem","position":1,"name":"","item":"https:\/\/teknologiakartta.fi\/wordpress\/"},{"@type":"ListItem","position":2,"name":"Saavutettavuusseloste"}]},{"@type":"WebSite","@id":"https:\/\/teknologiakartta.fi\/wordpress\/#website","url":"https:\/\/teknologiakartta.fi\/wordpress\/","name":"Teknologiakartta","description":"Yritykset yhteisty&ouml;n tekemiseen","potentialAction":[{"@type":"SearchAction","target":{"@type":"EntryPoint","urlTemplate":"https:\/\/teknologiakartta.fi\/wordpress\/?s={search_term_string}"},"query-input":{"@type":"PropertyValueSpecification","valueRequired":true,"valueName":"search_term_string"}}],"inLanguage":"fi"}]}},"_links":{"self":[{"href":"https:\/\/teknologiakartta.fi\/wordpress\/wp-json\/wp\/v2\/pages\/288","targetHints":{"allow":["GET"]}}],"collection":[{"href":"https:\/\/teknologiakartta.fi\/wordpress\/wp-json\/wp\/v2\/pages"}],"about":[{"href":"https:\/\/teknologiakartta.fi\/wordpress\/wp-json\/wp\/v2\/types\/page"}],"author":[{"embeddable":true,"href":"https:\/\/teknologiakartta.fi\/wordpress\/wp-json\/wp\/v2\/users\/1"}],"replies":[{"embeddable":true,"href":"https:\/\/teknologiakartta.fi\/wordpress\/wp-json\/wp\/v2\/comments?post=288"}],"version-history":[{"count":7,"href":"https:\/\/teknologiakartta.fi\/wordpress\/wp-json\/wp\/v2\/pages\/288\/revisions"}],"predecessor-version":[{"id":449,"href":"https:\/\/teknologiakartta.fi\/wordpress\/wp-json\/wp\/v2\/pages\/288\/revisions\/449"}],"wp:attachment":[{"href":"https:\/\/teknologiakartta.fi\/wordpress\/wp-json\/wp\/v2\/media?parent=288"}],"curies":[{"name":"wp","href":"https:\/\/api.w.org\/{rel}","templated":true}]}}